{"id":807,"date":"2017-04-06T14:57:42","date_gmt":"2017-04-06T17:57:42","guid":{"rendered":"http:www.giantcargo.com.br\/?page_id=807"},"modified":"2017-08-08T16:14:31","modified_gmt":"2017-08-08T19:14:31","slug":"consultorias-em-comercio-exterior","status":"publish","type":"page","link":"https:\/\/www.giantcargo.com.br\/en\/consultorias-em-comercio-exterior\/","title":{"rendered":"Consultorias em Com\u00e9rcio Exterior"},"content":{"rendered":"<p>[vc_row][vc_column width=&#8221;1\/3&#8243;][vc_single_image image=&#8221;978&#8243; img_size=&#8221;large&#8221; label=&#8221;&#8221;][\/vc_column][vc_column width=&#8221;2\/3&#8243;][vc_column_text]<i class=\"fa fa-check\"><\/i> Obten\u00e7\u00e3o de melhores resultados com negocia\u00e7\u00f5es internacionais<\/p>\n<p><i class=\"fa fa-check\"><\/i> Apresentar melhores solu\u00e7\u00f5es e quais caminhos adequados para cada tipo de neg\u00f3cio do cliente[\/vc_column_text][\/vc_column][\/vc_row]<\/p>\n","protected":false},"excerpt":{"rendered":"<p>[vc_row][vc_column width=&#8221;1\/3&#8243;][vc_single_image image=&#8221;978&#8243; img_size=&#8221;large&#8221; label=&#8221;&#8221;][\/vc_column][vc_column width=&#8221;2\/3&#8243;][vc_column_text] Obten\u00e7\u00e3o de melhores resultados com negocia\u00e7\u00f5es internacionais Apresentar melhores solu\u00e7\u00f5es e quais caminhos adequados para cada tipo de neg\u00f3cio do cliente[\/vc_column_text][\/vc_column][\/vc_row]<\/p>\n","protected":false},"author":1,"featured_media":0,"parent":0,"menu_order":0,"comment_status":"closed","ping_status":"closed","template":"","meta":{"footnotes":""},"_links":{"self":[{"href":"https:\/\/www.giantcargo.com.br\/en\/wp-json\/wp\/v2\/pages\/807"}],"collection":[{"href":"https:\/\/www.giantcargo.com.br\/en\/wp-json\/wp\/v2\/pages"}],"about":[{"href":"https:\/\/www.giantcargo.com.br\/en\/wp-json\/wp\/v2\/types\/page"}],"author":[{"embeddable":true,"href":"https:\/\/www.giantcargo.com.br\/en\/wp-json\/wp\/v2\/users\/1"}],"replies":[{"embeddable":true,"href":"https:\/\/www.giantcargo.com.br\/en\/wp-json\/wp\/v2\/comments?post=807"}],"version-history":[{"count":6,"href":"https:\/\/www.giantcargo.com.br\/en\/wp-json\/wp\/v2\/pages\/807\/revisions"}],"predecessor-version":[{"id":979,"href":"https:\/\/www.giantcargo.com.br\/en\/wp-json\/wp\/v2\/pages\/807\/revisions\/979"}],"wp:attachment":[{"href":"https:\/\/www.giantcargo.com.br\/en\/wp-json\/wp\/v2\/media?parent=807"}],"curies":[{"name":"wp","href":"https:\/\/api.w.org\/{rel}","templated":true}]}}