{"id":1581,"date":"2025-07-23T15:27:52","date_gmt":"2025-07-23T18:27:52","guid":{"rendered":"https:\/\/www.giantcargo.com.br\/?page_id=1581"},"modified":"2025-07-23T15:28:56","modified_gmt":"2025-07-23T18:28:56","slug":"trabalhe-conosco","status":"publish","type":"page","link":"https:\/\/www.giantcargo.com.br\/en\/trabalhe-conosco\/","title":{"rendered":"Trabalhe Conosco"},"content":{"rendered":"\n<h2 class=\"wp-block-heading\"><em>Envie seu curr\u00edculo para o BANCO DE TALENTOS da Agente de Cargas Giant Cargo.&nbsp;<\/em><\/h2>\n\n\n\n<h2 class=\"wp-block-heading\"><em>Damos prefer\u00eancia em aberturas de vagas para triar primeiro os curr\u00edculos em nosso banco, antes de divulgarmos.<\/em><\/h2>\n\n\n\n<h2 class=\"wp-block-heading\"><em>Encaminhe o curr\u00edculo para&nbsp;<a href=\"mailto:selecao@giantcargo.com.br\" target=\"_blank\" rel=\"noreferrer noopener\">selecao@giantcargo.com.br<\/a>&nbsp;com o assunto escrito sua cidade e \u00e1rea que voc\u00ea atua (ex: Agenciamento de cargas, Desembara\u00e7o aduaneiro, Pricing).<\/em><\/h2>\n","protected":false},"excerpt":{"rendered":"<p>Envie seu curr\u00edculo para o BANCO DE TALENTOS da Agente de Cargas Giant Cargo.&nbsp; Damos prefer\u00eancia em aberturas de vagas para triar primeiro os curr\u00edculos em nosso banco, antes de divulgarmos. Encaminhe o curr\u00edculo para&nbsp;selecao@giantcargo.com.br&nbsp;com o assunto escrito sua cidade e \u00e1rea que voc\u00ea atua (ex: Agenciamento de cargas, Desembara\u00e7o aduaneiro, Pricing).<\/p>\n","protected":false},"author":1,"featured_media":0,"parent":0,"menu_order":0,"comment_status":"closed","ping_status":"closed","template":"","meta":{"footnotes":""},"_links":{"self":[{"href":"https:\/\/www.giantcargo.com.br\/en\/wp-json\/wp\/v2\/pages\/1581"}],"collection":[{"href":"https:\/\/www.giantcargo.com.br\/en\/wp-json\/wp\/v2\/pages"}],"about":[{"href":"https:\/\/www.giantcargo.com.br\/en\/wp-json\/wp\/v2\/types\/page"}],"author":[{"embeddable":true,"href":"https:\/\/www.giantcargo.com.br\/en\/wp-json\/wp\/v2\/users\/1"}],"replies":[{"embeddable":true,"href":"https:\/\/www.giantcargo.com.br\/en\/wp-json\/wp\/v2\/comments?post=1581"}],"version-history":[{"count":2,"href":"https:\/\/www.giantcargo.com.br\/en\/wp-json\/wp\/v2\/pages\/1581\/revisions"}],"predecessor-version":[{"id":1583,"href":"https:\/\/www.giantcargo.com.br\/en\/wp-json\/wp\/v2\/pages\/1581\/revisions\/1583"}],"wp:attachment":[{"href":"https:\/\/www.giantcargo.com.br\/en\/wp-json\/wp\/v2\/media?parent=1581"}],"curies":[{"name":"wp","href":"https:\/\/api.w.org\/{rel}","templated":true}]}}