{"id":1364,"date":"2020-05-04T18:24:18","date_gmt":"2020-05-04T21:24:18","guid":{"rendered":"http:\/\/www.giantcargo.com.br\/?page_id=1364"},"modified":"2021-07-19T15:04:01","modified_gmt":"2021-07-19T18:04:01","slug":"solicite-cotacao","status":"publish","type":"page","link":"https:\/\/www.giantcargo.com.br\/en\/solicite-cotacao\/","title":{"rendered":"(Portugu\u00eas do Brasil) Solicite Cota\u00e7\u00e3o"},"content":{"rendered":"<p class=\"qtranxs-available-languages-message qtranxs-available-languages-message-en\">Sorry, this entry is only available in <a href=\"https:\/\/www.giantcargo.com.br\/pb\/wp-json\/wp\/v2\/pages\/1364\" class=\"qtranxs-available-language-link qtranxs-available-language-link-pb\" title=\"Portugu\u00eas do Brasil\">Portugu\u00eas do Brasil<\/a>.<\/p>","protected":false},"excerpt":{"rendered":"<p>Sorry, this entry is only available in Portugu\u00eas do Brasil.<\/p>\n","protected":false},"author":1,"featured_media":0,"parent":0,"menu_order":0,"comment_status":"closed","ping_status":"closed","template":"","meta":{"footnotes":""},"_links":{"self":[{"href":"https:\/\/www.giantcargo.com.br\/en\/wp-json\/wp\/v2\/pages\/1364"}],"collection":[{"href":"https:\/\/www.giantcargo.com.br\/en\/wp-json\/wp\/v2\/pages"}],"about":[{"href":"https:\/\/www.giantcargo.com.br\/en\/wp-json\/wp\/v2\/types\/page"}],"author":[{"embeddable":true,"href":"https:\/\/www.giantcargo.com.br\/en\/wp-json\/wp\/v2\/users\/1"}],"replies":[{"embeddable":true,"href":"https:\/\/www.giantcargo.com.br\/en\/wp-json\/wp\/v2\/comments?post=1364"}],"version-history":[{"count":9,"href":"https:\/\/www.giantcargo.com.br\/en\/wp-json\/wp\/v2\/pages\/1364\/revisions"}],"predecessor-version":[{"id":1521,"href":"https:\/\/www.giantcargo.com.br\/en\/wp-json\/wp\/v2\/pages\/1364\/revisions\/1521"}],"wp:attachment":[{"href":"https:\/\/www.giantcargo.com.br\/en\/wp-json\/wp\/v2\/media?parent=1364"}],"curies":[{"name":"wp","href":"https:\/\/api.w.org\/{rel}","templated":true}]}}